{"id":14,"date":"2022-10-10T08:22:50","date_gmt":"2022-10-10T08:22:50","guid":{"rendered":"https:\/\/hanyan.pixxel-network.de\/?page_id=14"},"modified":"2024-09-11T14:04:53","modified_gmt":"2024-09-11T14:04:53","slug":"biography","status":"publish","type":"page","link":"https:\/\/www.hanyan.de\/de\/biography\/","title":{"rendered":"Vita"},"content":{"rendered":"\n<figure class=\"wp-block-image alignright size-large is-resized\"><img loading=\"lazy\" decoding=\"async\" width=\"683\" height=\"1024\" src=\"https:\/\/www.hanyan.de\/wp-content\/uploads\/2022\/12\/20221021-GLG_9911-x-small-683x1024.jpg\" alt=\"\" class=\"wp-image-192\" style=\"width:342px;height:512px\" srcset=\"https:\/\/www.hanyan.de\/wp-content\/uploads\/2022\/12\/20221021-GLG_9911-x-small-683x1024.jpg 683w, https:\/\/www.hanyan.de\/wp-content\/uploads\/2022\/12\/20221021-GLG_9911-x-small-200x300.jpg 200w, https:\/\/www.hanyan.de\/wp-content\/uploads\/2022\/12\/20221021-GLG_9911-x-small-768x1152.jpg 768w, https:\/\/www.hanyan.de\/wp-content\/uploads\/2022\/12\/20221021-GLG_9911-x-small.jpg 800w\" sizes=\"(max-width: 683px) 100vw, 683px\" \/><figcaption class=\"wp-element-caption\"><sub>Foto: Guoling Photography<\/sub><\/figcaption><\/figure>\n\n\n\n<p><\/p>\n\n\n\n<p>Im musikalischen Werdegang zeigt die geb\u00fcrtige Chinesin ein vielf\u00e4ltiges Profil. Sie ist Pianistin, P\u00e4dagogin und Wissenschaftlerin. Nach dem Bachelorabschluss mit Auszeichnung in den F\u00e4chern Klavier und Musikerziehungswissenschaft in Shanghai setzte sie ihr Magisterstudium in Heidelberg (Deutschland) fort und schloss mit der hochbewerteten wissenschaftlichen Arbeit \u00fcber&nbsp;Fr\u00e9d\u00e9ric Chopins&nbsp;Balladen ab.&nbsp;&nbsp;<\/p>\n\n\n\n<p>Sie wurde mit dem 1. Preis beim\u00a0<em>Lancaster international Piano Competition<\/em>\u00a0(2024, USA) und der &#8222;Silver Hands&#8220; beim <em>Carles &amp; Sofia International Piano Competition<\/em> (2024, Spanien) ausgezeichnet.\u00a0<\/p>\n\n\n\n<p>Au\u00dfer als Solistin spielt sie mit der Sopranistin Saioa L\u00f3pez-S\u00e1nches zusammen. Die spanischen und deutschen Lieder-Zyklen liegen ihr sehr am Herzen. Schon seit der Jugend spielt die p\u00e4dagogische T\u00e4tigkeit eine wichtige Rolle in ihrem Leben. Viele ihre Sch\u00fcler sind Preistr\u00e4ger beim Wettbewerb&nbsp;<em>Jugend musiziert<\/em>&nbsp;(Deutschland)<em>.<\/em><\/p>\n\n\n\n<p>Neben ihren musikalischen Aktivit\u00e4ten ist sie auch als Kunsthistorikerin t\u00e4tig. Sie verfasst Essays f\u00fcr Kataloge und berichtet \u00fcber zeitgen\u00f6ssische Kunst f\u00fcr&nbsp;<em>The Art Newspaper China<\/em>. Als Atelier- und Galerieassistentin hilft sie K\u00fcnstlern, Werke zu produzieren und betreut sie bei zahlreichen Ausstellungen und Messen.&nbsp;&nbsp;&nbsp;&nbsp;<\/p>\n\n\n\n<div style=\"height:30px\" aria-hidden=\"true\" class=\"wp-block-spacer\"><\/div>\n\n\n\n<div class=\"wp-block-group vita has-global-padding is-layout-constrained wp-block-group-is-layout-constrained\">\n<div style=\"height:30px\" aria-hidden=\"true\" class=\"wp-block-spacer\"><\/div>\n<\/div>\n","protected":false},"excerpt":{"rendered":"<p>Im musikalischen Werdegang zeigt die geb\u00fcrtige Chinesin ein vielf\u00e4ltiges Profil. Sie ist Pianistin, P\u00e4dagogin und Wissenschaftlerin. Nach dem Bachelorabschluss mit Auszeichnung in den F\u00e4chern Klavier und Musikerziehungswissenschaft in Shanghai setzte sie ihr Magisterstudium in Heidelberg (Deutschland) fort und schloss mit der hochbewerteten wissenschaftlichen Arbeit \u00fcber&nbsp;Fr\u00e9d\u00e9ric Chopins&nbsp;Balladen ab.&nbsp;&nbsp; Sie wurde mit dem 1. Preis beim\u00a0Lancaster international [&hellip;]<\/p>\n","protected":false},"author":1,"featured_media":0,"parent":0,"menu_order":17,"comment_status":"closed","ping_status":"closed","template":"","meta":{"footnotes":""},"class_list":["post-14","page","type-page","status-publish","hentry"],"_links":{"self":[{"href":"https:\/\/www.hanyan.de\/de\/wp-json\/wp\/v2\/pages\/14"}],"collection":[{"href":"https:\/\/www.hanyan.de\/de\/wp-json\/wp\/v2\/pages"}],"about":[{"href":"https:\/\/www.hanyan.de\/de\/wp-json\/wp\/v2\/types\/page"}],"author":[{"embeddable":true,"href":"https:\/\/www.hanyan.de\/de\/wp-json\/wp\/v2\/users\/1"}],"replies":[{"embeddable":true,"href":"https:\/\/www.hanyan.de\/de\/wp-json\/wp\/v2\/comments?post=14"}],"version-history":[{"count":21,"href":"https:\/\/www.hanyan.de\/de\/wp-json\/wp\/v2\/pages\/14\/revisions"}],"predecessor-version":[{"id":1186,"href":"https:\/\/www.hanyan.de\/de\/wp-json\/wp\/v2\/pages\/14\/revisions\/1186"}],"wp:attachment":[{"href":"https:\/\/www.hanyan.de\/de\/wp-json\/wp\/v2\/media?parent=14"}],"curies":[{"name":"wp","href":"https:\/\/api.w.org\/{rel}","templated":true}]}}