{"id":176,"date":"2022-12-02T12:53:40","date_gmt":"2022-12-02T12:53:40","guid":{"rendered":"https:\/\/hanyan.pixxel-network.de\/?page_id=176"},"modified":"2023-06-26T15:39:33","modified_gmt":"2023-06-26T15:39:33","slug":"musik-shop","status":"publish","type":"page","link":"https:\/\/www.hanyan.de\/de\/musik-shop\/","title":{"rendered":"Music Store"},"content":{"rendered":"\n<h5 class=\"wp-block-heading\"><strong>Granados &amp; Mozart (2021)<\/strong><\/h5>\n\n\n\n<div class=\"wp-block-columns is-layout-flex wp-container-core-columns-is-layout-1 wp-block-columns-is-layout-flex\">\n<div class=\"wp-block-column is-layout-flow wp-block-column-is-layout-flow\" style=\"flex-basis:60%\">\n<figure class=\"wp-block-image size-full\"><img loading=\"lazy\" decoding=\"async\" width=\"545\" height=\"480\" src=\"https:\/\/www.hanyan.de\/wp-content\/uploads\/2023\/01\/hanyan_cdcover.jpg\" alt=\"\" class=\"wp-image-268\" srcset=\"https:\/\/www.hanyan.de\/wp-content\/uploads\/2023\/01\/hanyan_cdcover.jpg 545w, https:\/\/www.hanyan.de\/wp-content\/uploads\/2023\/01\/hanyan_cdcover-300x264.jpg 300w\" sizes=\"(max-width: 545px) 100vw, 545px\" \/><\/figure>\n\n\n\n<p>Es gibt unterschiedliche Arten, wie ein Pianist ein CD-Programm gestaltet: nach Epoche, nach Komponist, nach Gemeinsamkeit der musikalischen Stile, oder doch ganz in Gegens\u00e4tzen. Im Vergleich zur Live-Performance ist die Studioaufnahme die feinste und intimste Erfahrung f\u00fcr die Musiker. So wie ich in meiner CD interpretiere, ist das Deb\u00fct-Album eine ganz pers\u00f6nliche Reise zwischen zwei Polen der klassischen Musik&nbsp;\u2014&nbsp;W. A. Mozart und E. Granados.&nbsp;<\/p>\n\n\n\n<p class=\"has-text-align-left\"><a rel=\"noreferrer noopener\" href=\"https:\/\/www.hanyan.de\/wp-content\/uploads\/2023\/02\/Yan_Han_CD_Booklet_freigegeben_121x120_M1507002_v2_F39_150dpi_netto.pdf\" target=\"_blank\">Booklet Download <\/a><\/p>\n<\/div>\n\n\n\n<div class=\"wp-block-column is-vertically-aligned-top is-layout-flow wp-block-column-is-layout-flow\" style=\"flex-basis:40%\">\n<h4 class=\"wp-block-heading has-text-align-center\"><strong>CD kaufen<\/strong><\/h4>\n\n\n\n<p class=\"has-text-align-center price\"><strong> 29,99\u20ac<\/strong><br><span class=\"priceinfo\">(inkl. 19% MwSt.) zzgl. Versandkosten<\/span><\/p>\n\n\n\n<div id=\"smart-button-container\">\n      <div style=\"text-align: center;\">\n        <div id=\"paypal-button-container\"><\/div>\n      <\/div>\n    <\/div>\n  <script src=\"https:\/\/www.paypal.com\/sdk\/js?client-id=Ab8kohYtDNqU-4WY62a7F9LooYFOuwqG3RlYCAR-1hhEWNKSol4jq2U_pzgobK3N8G0Jx1OYvR0CgTxv&#038;enable-funding=venmo&#038;currency=EUR\" data-sdk-integration-source=\"button-factory\"><\/script>\n  <script>\n    function initPayPalButton() {\n      paypal.Buttons({\n        style: {\n          shape: 'rect',\n          color: 'gold',\n          layout: 'horizontal',\n          label: 'buynow',\n          \n        },\n\n        createOrder: function(data, actions) {\n          return actions.order.create({\n            purchase_units: [{\"description\":\"Han Yan - Granados & Mozart (2021)\\nAudio CD\",\"amount\":{\"currency_code\":\"EUR\",\"value\":34.98,\"breakdown\":{\"item_total\":{\"currency_code\":\"EUR\",\"value\":25.2},\"shipping\":{\"currency_code\":\"EUR\",\"value\":4.99},\"tax_total\":{\"currency_code\":\"EUR\",\"value\":4.79}}}}]\n          });\n        },\n\n        onApprove: function(data, actions) {\n          return actions.order.capture().then(function(orderData) {\n            \n            \/\/ Full available details\n            console.log('Capture result', orderData, JSON.stringify(orderData, null, 2));\n\n            \/\/ Show a success message within this page, e.g.\n            const element = document.getElementById('paypal-button-container');\n            element.innerHTML = '';\n            element.innerHTML = '<h3>Vielen Dank f\u00fcr Ihre Bestellung!<\/h3>';\n\n            \/\/ Or go to another URL:  actions.redirect('thank_you.html');\n            \n          });\n        },\n\n        onError: function(err) {\n          console.log(err);\n        }\n      }).render('#paypal-button-container');\n    }\n    initPayPalButton();\n  <\/script>\n\n\n\n<hr class=\"wp-block-separator has-alpha-channel-opacity store-trenner\"\/>\n\n\n\n<h3 class=\"wp-block-heading has-text-align-center\"><strong>Streaming<\/strong><\/h3>\n\n\n\n<figure class=\"wp-block-image aligncenter size-medium is-resized\"><a href=\"https:\/\/open.spotify.com\/artist\/78oV0aCad6IzLIumvY7UTq\"><img loading=\"lazy\" decoding=\"async\" src=\"https:\/\/www.hanyan.de\/wp-content\/uploads\/2023\/03\/spotify-logo-300x90.png\" alt=\"\" class=\"wp-image-912\" width=\"120\" height=\"35\" srcset=\"https:\/\/www.hanyan.de\/wp-content\/uploads\/2023\/03\/spotify-logo-300x90.png 300w, https:\/\/www.hanyan.de\/wp-content\/uploads\/2023\/03\/spotify-logo-768x231.png 768w, https:\/\/www.hanyan.de\/wp-content\/uploads\/2023\/03\/spotify-logo-18x5.png 18w, https:\/\/www.hanyan.de\/wp-content\/uploads\/2023\/03\/spotify-logo.png 839w\" sizes=\"(max-width: 120px) 100vw, 120px\" \/><\/a><\/figure>\n\n\n\n<figure class=\"wp-block-image aligncenter size-medium is-resized\"><a href=\"https:\/\/music.apple.com\/gb\/artist\/yan-han\/1098283168\"><img loading=\"lazy\" decoding=\"async\" src=\"https:\/\/www.hanyan.de\/wp-content\/uploads\/2023\/03\/apple-music-logo-300x72.png\" alt=\"\" class=\"wp-image-914\" width=\"115\" height=\"25\"\/><\/a><\/figure>\n\n\n\n<figure class=\"wp-block-image aligncenter size-medium is-resized\"><a href=\"https:\/\/music.amazon.com\/albums\/B098W9ZPBZ\"><img loading=\"lazy\" decoding=\"async\" src=\"https:\/\/www.hanyan.de\/wp-content\/uploads\/2023\/03\/amazon-music-logo-e1678113839621-300x67.jpg\" alt=\"\" class=\"wp-image-921\" width=\"150\" height=\"34\" srcset=\"https:\/\/www.hanyan.de\/wp-content\/uploads\/2023\/03\/amazon-music-logo-e1678113839621-300x67.jpg 300w, https:\/\/www.hanyan.de\/wp-content\/uploads\/2023\/03\/amazon-music-logo-e1678113839621-18x4.jpg 18w, https:\/\/www.hanyan.de\/wp-content\/uploads\/2023\/03\/amazon-music-logo-e1678113839621.jpg 547w\" sizes=\"(max-width: 150px) 100vw, 150px\" \/><\/a><\/figure>\n\n\n\n<figure class=\"wp-block-image aligncenter size-medium is-resized\"><a href=\"https:\/\/music.youtube.com\/playlist?list=OLAK5uy_kzN2WzwWiqUKEHIAO8HiN5BjIdSfxg6XI\"><img loading=\"lazy\" decoding=\"async\" src=\"https:\/\/www.hanyan.de\/wp-content\/uploads\/2023\/03\/youtube-music-logo-e1678113507278-300x59.png\" alt=\"\" class=\"wp-image-905\" width=\"150\" height=\"30\" srcset=\"https:\/\/www.hanyan.de\/wp-content\/uploads\/2023\/03\/youtube-music-logo-e1678113507278-300x59.png 300w, https:\/\/www.hanyan.de\/wp-content\/uploads\/2023\/03\/youtube-music-logo-e1678113507278-1024x202.png 1024w, https:\/\/www.hanyan.de\/wp-content\/uploads\/2023\/03\/youtube-music-logo-e1678113507278-768x152.png 768w, https:\/\/www.hanyan.de\/wp-content\/uploads\/2023\/03\/youtube-music-logo-e1678113507278-1536x303.png 1536w, https:\/\/www.hanyan.de\/wp-content\/uploads\/2023\/03\/youtube-music-logo-e1678113507278-2048x404.png 2048w, https:\/\/www.hanyan.de\/wp-content\/uploads\/2023\/03\/youtube-music-logo-e1678113507278-18x4.png 18w\" sizes=\"(max-width: 150px) 100vw, 150px\" \/><\/a><\/figure>\n<\/div>\n<\/div>\n","protected":false},"excerpt":{"rendered":"<p>Granados &amp; Mozart (2021) Es gibt unterschiedliche Arten, wie ein Pianist ein CD-Programm gestaltet: nach Epoche, nach Komponist, nach Gemeinsamkeit der musikalischen Stile, oder doch ganz in Gegens\u00e4tzen. Im Vergleich zur Live-Performance ist die Studioaufnahme die feinste und intimste Erfahrung f\u00fcr die Musiker. So wie ich in meiner CD interpretiere, ist das Deb\u00fct-Album eine ganz [&hellip;]<\/p>\n","protected":false},"author":1,"featured_media":0,"parent":0,"menu_order":13,"comment_status":"closed","ping_status":"closed","template":"","meta":{"footnotes":""},"class_list":["post-176","page","type-page","status-publish","hentry"],"_links":{"self":[{"href":"https:\/\/www.hanyan.de\/de\/wp-json\/wp\/v2\/pages\/176"}],"collection":[{"href":"https:\/\/www.hanyan.de\/de\/wp-json\/wp\/v2\/pages"}],"about":[{"href":"https:\/\/www.hanyan.de\/de\/wp-json\/wp\/v2\/types\/page"}],"author":[{"embeddable":true,"href":"https:\/\/www.hanyan.de\/de\/wp-json\/wp\/v2\/users\/1"}],"replies":[{"embeddable":true,"href":"https:\/\/www.hanyan.de\/de\/wp-json\/wp\/v2\/comments?post=176"}],"version-history":[{"count":70,"href":"https:\/\/www.hanyan.de\/de\/wp-json\/wp\/v2\/pages\/176\/revisions"}],"predecessor-version":[{"id":1116,"href":"https:\/\/www.hanyan.de\/de\/wp-json\/wp\/v2\/pages\/176\/revisions\/1116"}],"wp:attachment":[{"href":"https:\/\/www.hanyan.de\/de\/wp-json\/wp\/v2\/media?parent=176"}],"curies":[{"name":"wp","href":"https:\/\/api.w.org\/{rel}","templated":true}]}}