{"id":18,"date":"2022-10-10T08:23:14","date_gmt":"2022-10-10T08:23:14","guid":{"rendered":"https:\/\/hanyan.pixxel-network.de\/?page_id=18"},"modified":"2023-02-28T15:55:34","modified_gmt":"2023-02-28T15:55:34","slug":"impressum","status":"publish","type":"page","link":"https:\/\/www.hanyan.de\/de\/impressum\/","title":{"rendered":"Impressum"},"content":{"rendered":"\n<p>\u00a9&nbsp;Han Yan<br><br>E-Mail: hanyan@hotmail.de<\/p>\n\n\n\n<p>Screendesign und Realisierung:<br>IT Services &amp; Consulting Alexander Lignow<\/p>\n\n\n\n<p><strong>Haftungshinweis<\/strong><br>Trotz sorgf\u00e4ltiger inhaltlicher Kontrolle \u00fcbernehme ich keine Haftung f\u00fcr die Inhalte externer Links. F\u00fcr den Inhalt der verlinkten Seiten sind ausschlie\u00dflich deren Betreiber verantwortlich.<\/p>\n\n\n\n<p><strong>Urheberrecht<\/strong><br>Der Inhalt dieser Website ist urheberrechtlich gesch\u00fctzt. Jegliche weitere Verwendung der Bilder, Texte und der Musik bedarf der ausdr\u00fccklichen Zustimmung durch Han Yan.<\/p>\n\n\n\n<p><\/p>\n","protected":false},"excerpt":{"rendered":"<p>\u00a9&nbsp;Han Yan E-Mail: hanyan@hotmail.de Screendesign und Realisierung:IT Services &amp; Consulting Alexander Lignow HaftungshinweisTrotz sorgf\u00e4ltiger inhaltlicher Kontrolle \u00fcbernehme ich keine Haftung f\u00fcr die Inhalte externer Links. F\u00fcr den Inhalt der verlinkten Seiten sind ausschlie\u00dflich deren Betreiber verantwortlich. UrheberrechtDer Inhalt dieser Website ist urheberrechtlich gesch\u00fctzt. Jegliche weitere Verwendung der Bilder, Texte und der Musik bedarf der ausdr\u00fccklichen [&hellip;]<\/p>\n","protected":false},"author":1,"featured_media":0,"parent":0,"menu_order":9,"comment_status":"closed","ping_status":"closed","template":"","meta":{"footnotes":""},"class_list":["post-18","page","type-page","status-publish","hentry"],"_links":{"self":[{"href":"https:\/\/www.hanyan.de\/de\/wp-json\/wp\/v2\/pages\/18"}],"collection":[{"href":"https:\/\/www.hanyan.de\/de\/wp-json\/wp\/v2\/pages"}],"about":[{"href":"https:\/\/www.hanyan.de\/de\/wp-json\/wp\/v2\/types\/page"}],"author":[{"embeddable":true,"href":"https:\/\/www.hanyan.de\/de\/wp-json\/wp\/v2\/users\/1"}],"replies":[{"embeddable":true,"href":"https:\/\/www.hanyan.de\/de\/wp-json\/wp\/v2\/comments?post=18"}],"version-history":[{"count":9,"href":"https:\/\/www.hanyan.de\/de\/wp-json\/wp\/v2\/pages\/18\/revisions"}],"predecessor-version":[{"id":874,"href":"https:\/\/www.hanyan.de\/de\/wp-json\/wp\/v2\/pages\/18\/revisions\/874"}],"wp:attachment":[{"href":"https:\/\/www.hanyan.de\/de\/wp-json\/wp\/v2\/media?parent=18"}],"curies":[{"name":"wp","href":"https:\/\/api.w.org\/{rel}","templated":true}]}}