{"id":598,"date":"2023-02-09T12:19:28","date_gmt":"2023-02-09T12:19:28","guid":{"rendered":"https:\/\/hanyan.pixxel-network.de\/?page_id=598"},"modified":"2025-11-24T16:47:04","modified_gmt":"2025-11-24T16:47:04","slug":"termine-aktuell","status":"publish","type":"page","link":"https:\/\/www.hanyan.de\/de\/termine\/termine-aktuell\/","title":{"rendered":"Aktuelle Termine"},"content":{"rendered":"\n<h3 class=\"wp-block-heading\"><strong>Sch\u00fclerkonzert 2025, Klasse Han<\/strong><\/h3>\n\n\n\n<p>14. Dezember 2025 (So.), 15.00 Uhr<\/p>\n\n\n\n<p>Rubinstein-Saal<br>Landsberger Stra\u00dfe 336<br>80689 M\u00fcnchen<\/p>\n\n\n\n<figure class=\"wp-block-image size-large is-resized\"><img loading=\"lazy\" decoding=\"async\" width=\"726\" height=\"1024\" src=\"https:\/\/www.hanyan.de\/wp-content\/uploads\/2025\/11\/Yan_Schuelerkonzert_Poster_web_A3_2025_F39_X3-726x1024.jpg\" alt=\"Poster, Sch\u00fclerkonzert 2025, Klasse HAN\" class=\"wp-image-1192\" style=\"width:508px;height:auto\" srcset=\"https:\/\/www.hanyan.de\/wp-content\/uploads\/2025\/11\/Yan_Schuelerkonzert_Poster_web_A3_2025_F39_X3-726x1024.jpg 726w, https:\/\/www.hanyan.de\/wp-content\/uploads\/2025\/11\/Yan_Schuelerkonzert_Poster_web_A3_2025_F39_X3-213x300.jpg 213w, https:\/\/www.hanyan.de\/wp-content\/uploads\/2025\/11\/Yan_Schuelerkonzert_Poster_web_A3_2025_F39_X3-768x1084.jpg 768w, https:\/\/www.hanyan.de\/wp-content\/uploads\/2025\/11\/Yan_Schuelerkonzert_Poster_web_A3_2025_F39_X3-1088x1536.jpg 1088w, https:\/\/www.hanyan.de\/wp-content\/uploads\/2025\/11\/Yan_Schuelerkonzert_Poster_web_A3_2025_F39_X3-1451x2048.jpg 1451w, https:\/\/www.hanyan.de\/wp-content\/uploads\/2025\/11\/Yan_Schuelerkonzert_Poster_web_A3_2025_F39_X3-9x12.jpg 9w, https:\/\/www.hanyan.de\/wp-content\/uploads\/2025\/11\/Yan_Schuelerkonzert_Poster_web_A3_2025_F39_X3-scaled.jpg 1814w\" sizes=\"(max-width: 726px) 100vw, 726px\" \/><\/figure>\n\n\n\n<p><\/p>\n\n\n\n<div class=\"wp-block-file\"><a id=\"wp-block-file--media-8778b0a6-65a9-4e1b-a6a0-772342a6d2fe\" href=\"https:\/\/www.hanyan.de\/wp-content\/uploads\/2025\/11\/Yan_Schuelerkonzert_Programm_getrennt_2025_A4_gefalzt_ES.pdf\" target=\"_blank\" rel=\"noreferrer noopener\">Programm, Sch\u00fclerkonzert 2025, Klasse Han<\/a><\/div>\n\n\n\n<hr class=\"wp-block-separator has-alpha-channel-opacity\"\/>\n\n\n\n<h3 class=\"wp-block-heading\"><strong>Gewinnbenachrichtigung<\/strong>!<\/h3>\n\n\n\n<figure class=\"wp-block-image size-large\"><img loading=\"lazy\" decoding=\"async\" width=\"1024\" height=\"787\" src=\"https:\/\/www.hanyan.de\/wp-content\/uploads\/2024\/08\/Thropy_web_2024-1-1024x787.jpeg\" alt=\"Throphy &quot;Silver Hands&quot;, Carles &amp; Sofia Piano Competition 2024, Spain\" class=\"wp-image-1180\" srcset=\"https:\/\/www.hanyan.de\/wp-content\/uploads\/2024\/08\/Thropy_web_2024-1-1024x787.jpeg 1024w, https:\/\/www.hanyan.de\/wp-content\/uploads\/2024\/08\/Thropy_web_2024-1-300x230.jpeg 300w, https:\/\/www.hanyan.de\/wp-content\/uploads\/2024\/08\/Thropy_web_2024-1-768x590.jpeg 768w, https:\/\/www.hanyan.de\/wp-content\/uploads\/2024\/08\/Thropy_web_2024-1-1536x1180.jpeg 1536w, https:\/\/www.hanyan.de\/wp-content\/uploads\/2024\/08\/Thropy_web_2024-1-16x12.jpeg 16w, https:\/\/www.hanyan.de\/wp-content\/uploads\/2024\/08\/Thropy_web_2024-1.jpeg 1968w\" sizes=\"(max-width: 1024px) 100vw, 1024px\" \/><\/figure>\n\n\n\n<p><em>Lancaster International Piano Competition 2024<\/em> (USA): <strong>1. Preis<\/strong><\/p>\n\n\n\n<p><em>Carles &amp; Sofia International Piano Competition 2024<\/em> (Spanien): <strong>Silver Hands<\/strong><\/p>\n\n\n\n<p>Jetzt meine Auff\u00fchrung von <strong><a href=\"https:\/\/www.youtube.com\/watch?v=nSnW13RJtfo\" target=\"_blank\" rel=\"noreferrer noopener\">Mozart<\/a> <\/strong>und <a href=\"https:\/\/www.youtube.com\/watch?v=vsrvrpmY_y4\" target=\"_blank\" rel=\"noreferrer noopener\"><strong>Haydn<\/strong><\/a> auf meinen <strong><a href=\"https:\/\/www.youtube.com\/channel\/UC9REE1D0TDKriMNjUcjqnjA\" target=\"_blank\" rel=\"noreferrer noopener\">YouTube-Kanal<\/a> <\/strong>anschauen!<\/p>\n\n\n\n<p><\/p>\n","protected":false},"excerpt":{"rendered":"<p>Sch\u00fclerkonzert 2025, Klasse Han 14. Dezember 2025 (So.), 15.00 Uhr Rubinstein-SaalLandsberger Stra\u00dfe 33680689 M\u00fcnchen Gewinnbenachrichtigung! Lancaster International Piano Competition 2024 (USA): 1. Preis Carles &amp; Sofia International Piano Competition 2024 (Spanien): Silver Hands Jetzt meine Auff\u00fchrung von Mozart und Haydn auf meinen YouTube-Kanal anschauen!<\/p>\n","protected":false},"author":2,"featured_media":0,"parent":164,"menu_order":4,"comment_status":"closed","ping_status":"closed","template":"","meta":{"footnotes":""},"class_list":["post-598","page","type-page","status-publish","hentry"],"_links":{"self":[{"href":"https:\/\/www.hanyan.de\/de\/wp-json\/wp\/v2\/pages\/598"}],"collection":[{"href":"https:\/\/www.hanyan.de\/de\/wp-json\/wp\/v2\/pages"}],"about":[{"href":"https:\/\/www.hanyan.de\/de\/wp-json\/wp\/v2\/types\/page"}],"author":[{"embeddable":true,"href":"https:\/\/www.hanyan.de\/de\/wp-json\/wp\/v2\/users\/2"}],"replies":[{"embeddable":true,"href":"https:\/\/www.hanyan.de\/de\/wp-json\/wp\/v2\/comments?post=598"}],"version-history":[{"count":23,"href":"https:\/\/www.hanyan.de\/de\/wp-json\/wp\/v2\/pages\/598\/revisions"}],"predecessor-version":[{"id":1200,"href":"https:\/\/www.hanyan.de\/de\/wp-json\/wp\/v2\/pages\/598\/revisions\/1200"}],"up":[{"embeddable":true,"href":"https:\/\/www.hanyan.de\/de\/wp-json\/wp\/v2\/pages\/164"}],"wp:attachment":[{"href":"https:\/\/www.hanyan.de\/de\/wp-json\/wp\/v2\/media?parent=598"}],"curies":[{"name":"wp","href":"https:\/\/api.w.org\/{rel}","templated":true}]}}